{"id":4489,"date":"2020-06-08T22:17:33","date_gmt":"2020-06-08T20:17:33","guid":{"rendered":"https:\/\/my-cat.eu\/enlaces-de-afiliados\/"},"modified":"2020-06-30T19:05:02","modified_gmt":"2020-06-30T17:05:02","slug":"enlaces-de-afiliados","status":"publish","type":"page","link":"https:\/\/my-cat.eu\/es\/enlaces-de-afiliados\/","title":{"rendered":"Enlaces de afiliados"},"content":{"rendered":"<span class=\"span-reading-time rt-reading-time\" style=\"display: block;\"><span class=\"rt-label rt-prefix\">Lesezeit: <\/span> <span class=\"rt-time\"> 3<\/span> <span class=\"rt-label rt-postfix\">Minuten<\/span><\/span>\n<p>Querido amante de los gatos. <\/p>\n\n<p>En esta p\u00e1gina te explico qu\u00e9 son los enlaces de afiliados y por qu\u00e9 los uso aqu\u00ed en mi blog de gatos. Tambi\u00e9n te dir\u00e9 lo que significa para ti cuando haces clic en un enlace de este tipo. <\/p>\n\n<h2 class=\"wp-block-heading\">\u00bfQu\u00e9 es un enlace de afiliado de todos modos?<\/h2>\n\n<p>Muchas empresas operan los llamados afiliados o programas de socios. Para las empresas, estos programas son canales de distribuci\u00f3n adicionales a trav\u00e9s de los cuales pueden aumentar su alcance en Internet. Adem\u00e1s, los enlaces de afiliados est\u00e1n integrados en gran medida en sitios tem\u00e1ticos, por lo que los clientes que buscan una soluci\u00f3n a su problema pueden encontrar un producto adecuado.<\/p>\n\n<p>Para el operador del sitio, es el caso de que la empresa asociada puede utilizar el enlace para identificar de qu\u00e9 sitio web procede el cliente y, por lo tanto, puede asignar la comisi\u00f3n de ventas correctamente. La comisi\u00f3n que pagan las empresas ya se incluye como costes de distribuci\u00f3n en los respectivos productos. Por lo tanto, el precio no cambia si usted compra algo a trav\u00e9s de un enlace de afiliado.<\/p>\n\n<p>Un enlace de afiliado puede ser un enlace en el texto que es <span class=\"tap-disclosure-notice-icon\"><\/span><i class=\"dashicons dashicons-info\"> <\/i> est\u00e1 marcado. Otras posibilidades son las cajas de productos o las im\u00e1genes de productos con las que se almacena un enlace de afiliado. Los banners especiales tambi\u00e9n contienen dichos enlaces.<\/p>\n\n<h3 class=\"wp-block-heading\">Programas de Afiliados<\/h3>\n\n<p>Amazon opera el programa de afiliados m\u00e1s grande y probablemente conocido como el mayor minorista en l\u00ednea y mercado en l\u00ednea. Pero muchas otras compa\u00f1\u00edas tambi\u00e9n ejecutan sus propios programas de afiliados. Adem\u00e1s, tambi\u00e9n hay las llamadas redes de afiliados como Awin, Belboon o CJ. En este caso, la red proporciona la plataforma t\u00e9cnica y tambi\u00e9n se encarga de la facturaci\u00f3n de las ventas provisionales. <\/p>\n\n<p>Como operador de blog no se puede hacer rico de las condiciones de ventas, pero ayudan con el funcionamiento del sitio web y siempre puedo comprar algunos nuevos productos para gatos para pruebas. Dependiendo del grupo de productos, recibo entre 4 y 7 comisiones por compra que realices a trav\u00e9s de un enlace de afiliado. <\/p>\n\n<h3 class=\"wp-block-heading\">Mis programas de socios actuales<\/h3>\n\n<ul class=\"wp-block-list\"><li>Amazon<\/li><li>Zooplus<\/li><li>Fressnapf<\/li><li>Mainzoo<\/li><li>Felcitia<\/li><li>Docmorris<\/li><li>Farmacia de la tienda<\/li><li>PetProtect<\/li><li><a class=\"thirstylink\" rel=\"nofollow\" target=\"_blank\" href=\"https:\/\/my-cat.eu\/es\/goto\/agila-versicherung\/\" data-nojs=\"1\" data-shortcode=\"true\">Agila<\/a><\/li><\/ul>\n<h2 class=\"wp-block-heading\">C\u00f3mo utilizar los Enlaces de Afiliados<\/h2>\n\n<p>B\u00e1sicamente, recomiendo productos que utilizan o se han probado a s\u00ed mismos o que he investigado sobre un tema espec\u00edfico. <\/p>\n\n<p>Yo uso el programa de socios de Amazon m\u00e1s. Debido a que es particularmente com\u00fan, se ofrecen muchas interfaces que facilitan la inserci\u00f3n y administraci\u00f3n de los enlaces. Para otros productos, como los medicamentos, tambi\u00e9n utilizo otros programas asociados donde los medicamentos son los m\u00e1s baratos de obtener.<\/p>\n","protected":false},"excerpt":{"rendered":"<p><span class=\"span-reading-time rt-reading-time\" style=\"display: block;\"><span class=\"rt-label rt-prefix\">Lesezeit: <\/span> <span class=\"rt-time\"> 3<\/span> <span class=\"rt-label rt-postfix\">Minuten<\/span><\/span>Querido amante de los gatos. En esta p\u00e1gina te explico qu\u00e9 son los enlaces de afiliados y por qu\u00e9 los uso aqu\u00ed en mi blog de gatos. Tambi\u00e9n te dir\u00e9 lo que significa para ti cuando haces clic en un enlace de este tipo. \u00bfQu\u00e9 es un enlace de afiliado de todos modos? Muchas empresas [&hellip;]<\/p>\n","protected":false},"author":1,"featured_media":5471,"parent":0,"menu_order":0,"comment_status":"closed","ping_status":"closed","template":"","meta":{"inline_featured_image":false,"footnotes":""},"class_list":["post-4489","page","type-page","status-publish","has-post-thumbnail","hentry"],"featured_image_src":"https:\/\/my-cat.eu\/wp-content\/uploads\/2020\/06\/connect-316638_1280.jpg","_links":{"self":[{"href":"https:\/\/my-cat.eu\/es\/wp-json\/wp\/v2\/pages\/4489","targetHints":{"allow":["GET"]}}],"collection":[{"href":"https:\/\/my-cat.eu\/es\/wp-json\/wp\/v2\/pages"}],"about":[{"href":"https:\/\/my-cat.eu\/es\/wp-json\/wp\/v2\/types\/page"}],"author":[{"embeddable":true,"href":"https:\/\/my-cat.eu\/es\/wp-json\/wp\/v2\/users\/1"}],"replies":[{"embeddable":true,"href":"https:\/\/my-cat.eu\/es\/wp-json\/wp\/v2\/comments?post=4489"}],"version-history":[{"count":0,"href":"https:\/\/my-cat.eu\/es\/wp-json\/wp\/v2\/pages\/4489\/revisions"}],"wp:featuredmedia":[{"embeddable":true,"href":"https:\/\/my-cat.eu\/es\/wp-json\/wp\/v2\/media\/5471"}],"wp:attachment":[{"href":"https:\/\/my-cat.eu\/es\/wp-json\/wp\/v2\/media?parent=4489"}],"curies":[{"name":"wp","href":"https:\/\/api.w.org\/{rel}","templated":true}]}}