{"id":4493,"date":"2019-07-05T12:36:26","date_gmt":"2019-07-05T10:36:26","guid":{"rendered":"https:\/\/my-cat.eu\/credito-fotografico\/"},"modified":"2020-07-10T22:17:09","modified_gmt":"2020-07-10T20:17:09","slug":"credito-fotografico","status":"publish","type":"page","link":"https:\/\/my-cat.eu\/es\/credito-fotografico\/","title":{"rendered":"Cr\u00e9dito fotogr\u00e1fico"},"content":{"rendered":"<span class=\"span-reading-time rt-reading-time\" style=\"display: block;\"><span class=\"rt-label rt-prefix\">Lesezeit: <\/span> <span class=\"rt-time\"> &lt; 1<\/span> <span class=\"rt-label rt-postfix\">Minute<\/span><\/span>\n<p>El sitio utiliza fotos y videos de las siguientes fuentes:<\/p>\n\n<ul class=\"wp-block-list\"><li>fotos y v\u00eddeos propios a trav\u00e9s de YouTube<\/li><li>videos p\u00fablicos de YouTube integrados din\u00e1micamente<\/li><li>fotos libres de regal\u00edas (dominio p\u00fablico) de la base de datos de fotos de pixabay.com.<\/li><li>Fotos de Adobe Stock<\/li><\/ul>\n<p>Las im\u00e1genes de productos se toman de Amazon y se integran din\u00e1micamente. Pueden utilizarse siempre que los productos se ofrezcan en virtud del Acuerdo de Asociaci\u00f3n.<\/p>\n","protected":false},"excerpt":{"rendered":"<p><span class=\"span-reading-time rt-reading-time\" style=\"display: block;\"><span class=\"rt-label rt-prefix\">Lesezeit: <\/span> <span class=\"rt-time\"> &lt; 1<\/span> <span class=\"rt-label rt-postfix\">Minute<\/span><\/span>El sitio utiliza fotos y videos de las siguientes fuentes: fotos y v\u00eddeos propios a trav\u00e9s de YouTube videos p\u00fablicos de YouTube integrados din\u00e1micamente fotos libres de regal\u00edas (dominio p\u00fablico) de la base de datos de fotos de pixabay.com. Fotos de Adobe Stock Las im\u00e1genes de productos se toman de Amazon y se integran din\u00e1micamente. [&hellip;]<\/p>\n","protected":false},"author":1,"featured_media":0,"parent":0,"menu_order":0,"comment_status":"closed","ping_status":"closed","template":"","meta":{"inline_featured_image":false,"footnotes":""},"class_list":["post-4493","page","type-page","status-publish","hentry"],"featured_image_src":null,"_links":{"self":[{"href":"https:\/\/my-cat.eu\/es\/wp-json\/wp\/v2\/pages\/4493","targetHints":{"allow":["GET"]}}],"collection":[{"href":"https:\/\/my-cat.eu\/es\/wp-json\/wp\/v2\/pages"}],"about":[{"href":"https:\/\/my-cat.eu\/es\/wp-json\/wp\/v2\/types\/page"}],"author":[{"embeddable":true,"href":"https:\/\/my-cat.eu\/es\/wp-json\/wp\/v2\/users\/1"}],"replies":[{"embeddable":true,"href":"https:\/\/my-cat.eu\/es\/wp-json\/wp\/v2\/comments?post=4493"}],"version-history":[{"count":0,"href":"https:\/\/my-cat.eu\/es\/wp-json\/wp\/v2\/pages\/4493\/revisions"}],"wp:attachment":[{"href":"https:\/\/my-cat.eu\/es\/wp-json\/wp\/v2\/media?parent=4493"}],"curies":[{"name":"wp","href":"https:\/\/api.w.org\/{rel}","templated":true}]}}