{"id":4497,"date":"2020-06-14T17:18:40","date_gmt":"2020-06-14T15:18:40","guid":{"rendered":"https:\/\/my-cat.eu\/impresion\/"},"modified":"2020-06-14T17:26:15","modified_gmt":"2020-06-14T15:26:15","slug":"impresion","status":"publish","type":"page","link":"https:\/\/my-cat.eu\/es\/impresion\/","title":{"rendered":"Impresi\u00f3n"},"content":{"rendered":"<span class=\"span-reading-time rt-reading-time\" style=\"display: block;\"><span class=\"rt-label rt-prefix\">Lesezeit: <\/span> <span class=\"rt-time\"> 2<\/span> <span class=\"rt-label rt-postfix\">Minuten<\/span><\/span>\n<h3 class=\"wp-block-heading\">Informaci\u00f3n de acuerdo con la Secci\u00f3n 5 TMG<\/h3>\n\n<p>Frank Wagner<br\/>Stamsrieder Weg, 2b<br\/>01723 Kesselsdorf<\/p>\n\n<h3 class=\"wp-block-heading\">Contacto<\/h3>\n\n<p>Tel\u00e9fono: 035204 777094<br\/>Fax: 0351 4656-0007<br\/>Correo electr\u00f3nico: info@my-cat.eu<\/p>\n\n<h3 class=\"wp-block-heading\">Responsabilidad por contenido<\/h3>\n\n<p>Como proveedor de servicios, estamos obligados a cumplir con la Secci\u00f3n 7 p\u00e1rr. 1 TMG es responsable de su propio contenido en estas p\u00e1ginas de acuerdo con las leyes generales. De conformidad con las Secciones 8 a 10 de la TMG, sin embargo, nosotros como proveedor de servicios no estamos obligados a monitorear la informaci\u00f3n transmitida o almacenada de terceros o a investigar circunstancias que indiquen actividad ilegal.<\/p>\n\n<p>Las obligaciones de eliminar o bloquear el uso de la informaci\u00f3n de acuerdo con las leyes generales no se ver\u00e1n afectadas. Sin embargo, la responsabilidad a este respecto s\u00f3lo es posible desde el momento del conocimiento de una infracci\u00f3n espec\u00edfica. Si nos damos cuenta de tales infracciones, eliminaremos este contenido inmediatamente.<\/p>\n\n<h3 class=\"wp-block-heading\">Responsabilidad por enlaces<\/h3>\n\n<p>Nuestra oferta contiene enlaces a sitios web externos de terceros, en cuyos contenidos no tenemos influencia. Por lo tanto, no podemos asumir ninguna responsabilidad por estos contenidos de terceros. El proveedor u operador respectivo de las p\u00e1ginas es siempre responsable del contenido de las p\u00e1ginas enlazadas. Las p\u00e1ginas enlazadas se comprobaron en busca de posibles infracciones legales en el momento de la vinculaci\u00f3n. Los contenidos ilegales no eran reconocibles en el momento de la vinculaci\u00f3n.<\/p>\n\n<p>Sin embargo, un control permanente del contenido de las p\u00e1ginas enlazadas no es razonable sin indicios concretos de una violaci\u00f3n de la ley. Si tenemos conocimiento de cualquier infracci\u00f3n de la ley, eliminaremos dichos enlaces inmediatamente.<\/p>\n\n<h3 class=\"wp-block-heading\">Copyright<\/h3>\n\n<p>El contenido y las obras creadas por los operadores del sitio en estas p\u00e1ginas est\u00e1n sujetos a la ley alemana de derechos de autor. La duplicaci\u00f3n, edici\u00f3n, distribuci\u00f3n y cualquier tipo de explotaci\u00f3n fuera de los l\u00edmites del derecho de autor requieren el consentimiento por escrito del autor o creador respectivo. Las descargas y copias de este sitio solo est\u00e1n permitidas para uso privado y no comercial.<\/p>\n\n<p>En la medida en que los contenidos de esta p\u00e1gina no fueron creados por el operador, se respetan los derechos de autor de terceros. En particular, el contenido de terceros se marca como tal. No obstante, si tiene conocimiento de una infracci\u00f3n de los derechos de autor, tenga en cuenta, en consecuencia. Si tenemos conocimiento de alguna infracci\u00f3n, eliminaremos dicho contenido inmediatamente.<\/p>\n\n<p>Fuente: <a href=\"https:\/\/www.e-recht24.de\/\" target=\"_blank\" rel=\"noreferrer noopener\">eRecht24<\/a><\/p>\n","protected":false},"excerpt":{"rendered":"<p><span class=\"span-reading-time rt-reading-time\" style=\"display: block;\"><span class=\"rt-label rt-prefix\">Lesezeit: <\/span> <span class=\"rt-time\"> 2<\/span> <span class=\"rt-label rt-postfix\">Minuten<\/span><\/span>Informaci\u00f3n de acuerdo con la Secci\u00f3n 5 TMG Frank WagnerStamsrieder Weg, 2b01723 Kesselsdorf Contacto Tel\u00e9fono: 035204 777094Fax: 0351 4656-0007Correo electr\u00f3nico: info@my-cat.eu Responsabilidad por contenido Como proveedor de servicios, estamos obligados a cumplir con la Secci\u00f3n 7 p\u00e1rr. 1 TMG es responsable de su propio contenido en estas p\u00e1ginas de acuerdo con las leyes generales. De [&hellip;]<\/p>\n","protected":false},"author":1,"featured_media":0,"parent":0,"menu_order":0,"comment_status":"closed","ping_status":"closed","template":"","meta":{"inline_featured_image":false,"footnotes":""},"class_list":["post-4497","page","type-page","status-publish","hentry"],"featured_image_src":null,"_links":{"self":[{"href":"https:\/\/my-cat.eu\/es\/wp-json\/wp\/v2\/pages\/4497","targetHints":{"allow":["GET"]}}],"collection":[{"href":"https:\/\/my-cat.eu\/es\/wp-json\/wp\/v2\/pages"}],"about":[{"href":"https:\/\/my-cat.eu\/es\/wp-json\/wp\/v2\/types\/page"}],"author":[{"embeddable":true,"href":"https:\/\/my-cat.eu\/es\/wp-json\/wp\/v2\/users\/1"}],"replies":[{"embeddable":true,"href":"https:\/\/my-cat.eu\/es\/wp-json\/wp\/v2\/comments?post=4497"}],"version-history":[{"count":0,"href":"https:\/\/my-cat.eu\/es\/wp-json\/wp\/v2\/pages\/4497\/revisions"}],"wp:attachment":[{"href":"https:\/\/my-cat.eu\/es\/wp-json\/wp\/v2\/media?parent=4497"}],"curies":[{"name":"wp","href":"https:\/\/api.w.org\/{rel}","templated":true}]}}