{"id":4504,"date":"2020-06-14T17:27:33","date_gmt":"2020-06-14T15:27:33","guid":{"rendered":"https:\/\/my-cat.eu\/acerca-de-mi\/"},"modified":"2020-06-14T17:27:34","modified_gmt":"2020-06-14T15:27:34","slug":"acerca-de-mi","status":"publish","type":"page","link":"https:\/\/my-cat.eu\/es\/acerca-de-mi\/","title":{"rendered":"Acerca de m\u00ed"},"content":{"rendered":"<span class=\"span-reading-time rt-reading-time\" style=\"display: block;\"><span class=\"rt-label rt-prefix\">Lesezeit: <\/span> <span class=\"rt-time\"> &lt; 1<\/span> <span class=\"rt-label rt-postfix\">Minute<\/span><\/span>\n<p>Hola, mi nombre es Frank Wagner, soy un blogger independiente y escribo en varios blogs sobre los temas m\u00e1s diversos que me interesan y para los que muchas otras personas tambi\u00e9n est\u00e1n buscando informaci\u00f3n.<\/p>\n\n<p>Hemos tenido gatos durante muchos a\u00f1os y hemos pasado por todos los altibajos con los animales. Escribo a partir de esta gran riqueza de experiencia en este blog. Siempre probar\u00e9 nuevos productos con nuestros gatos y luego escribir\u00e9 sobre ellos.<\/p>\n","protected":false},"excerpt":{"rendered":"<p><span class=\"span-reading-time rt-reading-time\" style=\"display: block;\"><span class=\"rt-label rt-prefix\">Lesezeit: <\/span> <span class=\"rt-time\"> &lt; 1<\/span> <span class=\"rt-label rt-postfix\">Minute<\/span><\/span>Hola, mi nombre es Frank Wagner, soy un blogger independiente y escribo en varios blogs sobre los temas m\u00e1s diversos que me interesan y para los que muchas otras personas tambi\u00e9n est\u00e1n buscando informaci\u00f3n. Hemos tenido gatos durante muchos a\u00f1os y hemos pasado por todos los altibajos con los animales. Escribo a partir de esta [&hellip;]<\/p>\n","protected":false},"author":1,"featured_media":0,"parent":0,"menu_order":0,"comment_status":"closed","ping_status":"closed","template":"","meta":{"inline_featured_image":false,"footnotes":""},"class_list":["post-4504","page","type-page","status-publish","hentry"],"featured_image_src":null,"_links":{"self":[{"href":"https:\/\/my-cat.eu\/es\/wp-json\/wp\/v2\/pages\/4504","targetHints":{"allow":["GET"]}}],"collection":[{"href":"https:\/\/my-cat.eu\/es\/wp-json\/wp\/v2\/pages"}],"about":[{"href":"https:\/\/my-cat.eu\/es\/wp-json\/wp\/v2\/types\/page"}],"author":[{"embeddable":true,"href":"https:\/\/my-cat.eu\/es\/wp-json\/wp\/v2\/users\/1"}],"replies":[{"embeddable":true,"href":"https:\/\/my-cat.eu\/es\/wp-json\/wp\/v2\/comments?post=4504"}],"version-history":[{"count":0,"href":"https:\/\/my-cat.eu\/es\/wp-json\/wp\/v2\/pages\/4504\/revisions"}],"wp:attachment":[{"href":"https:\/\/my-cat.eu\/es\/wp-json\/wp\/v2\/media?parent=4504"}],"curies":[{"name":"wp","href":"https:\/\/api.w.org\/{rel}","templated":true}]}}