{"id":3635,"date":"2019-07-05T12:36:26","date_gmt":"2019-07-05T10:36:26","guid":{"rendered":"https:\/\/my-cat.eu\/credit-photo\/"},"modified":"2020-07-10T22:17:06","modified_gmt":"2020-07-10T20:17:06","slug":"credit-photo","status":"publish","type":"page","link":"https:\/\/my-cat.eu\/fr\/credit-photo\/","title":{"rendered":"Cr\u00e9dit photo"},"content":{"rendered":"<span class=\"span-reading-time rt-reading-time\" style=\"display: block;\"><span class=\"rt-label rt-prefix\">Lesezeit: <\/span> <span class=\"rt-time\"> &lt;\u00a01<\/span> <span class=\"rt-label rt-postfix\">Minute<\/span><\/span>\n<p>Le site utilise des photos et des vid\u00e9os des sources suivantes :<\/p>\n\n<ul class=\"wp-block-list\"><li>propres photos et vid\u00e9os via YouTube<\/li><li>vid\u00e9os YouTube publiques dynamiquement int\u00e9gr\u00e9es<\/li><li>photos libres de droits (domaine public) \u00e0 partir de la <a href=\"https:\/\/my-cat.eu\/fr\/equipement\/toilettes-de-chat-avec-tamis\/\">base<\/a> de donn\u00e9es photo de pixabay.com.<\/li><li>Adobe Stock Photos<\/li><\/ul>\n<p>Les images de produits sont prises \u00e0 partir d\u2019Amazon et sont dynamiquement int\u00e9gr\u00e9es. Ils peuvent \u00eatre utilis\u00e9s tant que les produits sont offerts en vertu de l\u2019Accord de partenariat.<\/p>\n","protected":false},"excerpt":{"rendered":"<p><span class=\"span-reading-time rt-reading-time\" style=\"display: block;\"><span class=\"rt-label rt-prefix\">Lesezeit: <\/span> <span class=\"rt-time\"> &lt;\u00a01<\/span> <span class=\"rt-label rt-postfix\">Minute<\/span><\/span>Le site utilise des photos et des vid\u00e9os des sources suivantes : propres photos et vid\u00e9os via YouTube vid\u00e9os YouTube publiques dynamiquement int\u00e9gr\u00e9es photos libres de droits (domaine public) \u00e0 partir de la base de donn\u00e9es photo de pixabay.com. Adobe Stock Photos Les images de produits sont prises \u00e0 partir d\u2019Amazon et sont dynamiquement int\u00e9gr\u00e9es. [&hellip;]<\/p>\n","protected":false},"author":1,"featured_media":0,"parent":0,"menu_order":0,"comment_status":"closed","ping_status":"closed","template":"","meta":{"inline_featured_image":false,"footnotes":""},"class_list":["post-3635","page","type-page","status-publish","hentry"],"featured_image_src":null,"_links":{"self":[{"href":"https:\/\/my-cat.eu\/fr\/wp-json\/wp\/v2\/pages\/3635","targetHints":{"allow":["GET"]}}],"collection":[{"href":"https:\/\/my-cat.eu\/fr\/wp-json\/wp\/v2\/pages"}],"about":[{"href":"https:\/\/my-cat.eu\/fr\/wp-json\/wp\/v2\/types\/page"}],"author":[{"embeddable":true,"href":"https:\/\/my-cat.eu\/fr\/wp-json\/wp\/v2\/users\/1"}],"replies":[{"embeddable":true,"href":"https:\/\/my-cat.eu\/fr\/wp-json\/wp\/v2\/comments?post=3635"}],"version-history":[{"count":0,"href":"https:\/\/my-cat.eu\/fr\/wp-json\/wp\/v2\/pages\/3635\/revisions"}],"wp:attachment":[{"href":"https:\/\/my-cat.eu\/fr\/wp-json\/wp\/v2\/media?parent=3635"}],"curies":[{"name":"wp","href":"https:\/\/api.w.org\/{rel}","templated":true}]}}