{"id":3640,"date":"2020-06-03T11:56:35","date_gmt":"2020-06-03T09:56:35","guid":{"rendered":"https:\/\/my-cat.eu\/empreinte\/"},"modified":"2020-06-14T17:25:28","modified_gmt":"2020-06-14T15:25:28","slug":"empreinte","status":"publish","type":"page","link":"https:\/\/my-cat.eu\/fr\/empreinte\/","title":{"rendered":"Empreinte"},"content":{"rendered":"<span class=\"span-reading-time rt-reading-time\" style=\"display: block;\"><span class=\"rt-label rt-prefix\">Lesezeit: <\/span> <span class=\"rt-time\"> 2<\/span> <span class=\"rt-label rt-postfix\">Minuten<\/span><\/span>\n<h3 class=\"wp-block-heading\">Renseignements conform\u00e9ment \u00e0 l\u2019article 5 TMG<\/h3>\n\n<p>Frank Wagner<br\/>Stamsrieder Weg, 2b<br\/>01723 Kesselsdorf<\/p>\n\n<h3 class=\"wp-block-heading\">Contact<\/h3>\n\n<p>T\u00e9l.: 035204 777094<br\/>T\u00e9l\u00e9copieur : 0351 4656-0007<br\/>Courriel : info@my-cat.eu<\/p>\n\n<h3 class=\"wp-block-heading\">Responsabilit\u00e9 du contenu<\/h3>\n\n<p>En tant que fournisseur de services, nous sommes tenus de nous conformer \u00e0 l\u2019article 7 par. 1 TMG est responsable de son propre contenu sur ces pages conform\u00e9ment aux lois g\u00e9n\u00e9rales. Toutefois, conform\u00e9ment aux articles 8 \u00e0 10 du TMG, nous ne sommes pas tenus, en tant que fournisseur de services, de surveiller les renseignements transmis ou stock\u00e9s sur des tiers ou d\u2019enqu\u00eater sur les circonstances qui indiquent une activit\u00e9 ill\u00e9gale.<\/p>\n\n<p>Les obligations de supprimer ou de bloquer l\u2019utilisation de l\u2019information conform\u00e9ment aux lois g\u00e9n\u00e9rales ne sont pas affect\u00e9es. Toutefois, la responsabilit\u00e9 \u00e0 cet \u00e9gard n\u2019est possible qu\u2019\u00e0 partir du moment de la connaissance d\u2019une infraction sp\u00e9cifique. Si nous prenons connaissance de telles infractions, nous supprimerons ce contenu imm\u00e9diatement.<\/p>\n\n<h3 class=\"wp-block-heading\">Responsabilit\u00e9 des liens<\/h3>\n\n<p>Notre offre contient des liens vers des sites Web externes de tiers, sur le contenu dont nous n\u2019avons aucune influence. Par cons\u00e9quent, nous ne pouvons assumer aucune responsabilit\u00e9 pour ces contenus tiers. Le fournisseur ou l\u2019op\u00e9rateur respectif des pages est toujours responsable du contenu des pages li\u00e9es. Les pages li\u00e9es ont \u00e9t\u00e9 v\u00e9rifi\u00e9es pour d\u2019\u00e9ventuelles violations l\u00e9gales au moment de la liaison. Les contenus ill\u00e9gaux n\u2019\u00e9taient pas reconnaissables au moment du lien.<\/p>\n\n<p>Toutefois, un contr\u00f4le permanent du contenu des pages li\u00e9es n\u2019est pas raisonnable sans indications concr\u00e8tes d\u2019une violation de la loi. Si nous prenons connaissance de toute violation de la loi, nous supprimerons imm\u00e9diatement ces liens.<\/p>\n\n<h3 class=\"wp-block-heading\">Copyright<\/h3>\n\n<p>Le contenu et les \u0153uvres cr\u00e9\u00e9s par les op\u00e9rateurs du site sur ces pages sont soumis \u00e0 la loi allemande sur le droit d\u2019auteur. La duplication, l\u2019\u00e9dition, la distribution et tout type d\u2019exploitation en dehors des limites du droit d\u2019auteur exigent le consentement \u00e9crit de l\u2019auteur ou du cr\u00e9ateur respectif. Les t\u00e9l\u00e9chargements et les copies de ce site ne sont autoris\u00e9s qu\u2019\u00e0 des fins priv\u00e9es et non commerciales.<\/p>\n\n<p>Dans la mesure o\u00f9 le contenu de cette page n\u2019a pas \u00e9t\u00e9 cr\u00e9\u00e9 par l\u2019op\u00e9rateur, les droits d\u2019auteur de tiers sont respect\u00e9s. En particulier, le contenu de tiers est marqu\u00e9 comme tel. Si vous prenez n\u00e9anmoins connaissance d\u2019une violation du droit d\u2019auteur, veuillez noter en cons\u00e9quence. Si nous prenons connaissance de toute infraction, nous supprimerons imm\u00e9diatement ce contenu.<\/p>\n\n<p>Source: <a href=\"https:\/\/www.e-recht24.de\/\" target=\"_blank\" rel=\"noreferrer noopener\">eRecht24<\/a><\/p>\n","protected":false},"excerpt":{"rendered":"<p><span class=\"span-reading-time rt-reading-time\" style=\"display: block;\"><span class=\"rt-label rt-prefix\">Lesezeit: <\/span> <span class=\"rt-time\"> 2<\/span> <span class=\"rt-label rt-postfix\">Minuten<\/span><\/span>Renseignements conform\u00e9ment \u00e0 l\u2019article 5 TMG Frank WagnerStamsrieder Weg, 2b01723 Kesselsdorf Contact T\u00e9l.: 035204 777094T\u00e9l\u00e9copieur : 0351 4656-0007Courriel : info@my-cat.eu Responsabilit\u00e9 du contenu En tant que fournisseur de services, nous sommes tenus de nous conformer \u00e0 l\u2019article 7 par. 1 TMG est responsable de son propre contenu sur ces pages conform\u00e9ment aux lois g\u00e9n\u00e9rales. Toutefois, [&hellip;]<\/p>\n","protected":false},"author":1,"featured_media":0,"parent":0,"menu_order":0,"comment_status":"closed","ping_status":"closed","template":"","meta":{"inline_featured_image":false,"footnotes":""},"class_list":["post-3640","page","type-page","status-publish","hentry"],"featured_image_src":null,"_links":{"self":[{"href":"https:\/\/my-cat.eu\/fr\/wp-json\/wp\/v2\/pages\/3640","targetHints":{"allow":["GET"]}}],"collection":[{"href":"https:\/\/my-cat.eu\/fr\/wp-json\/wp\/v2\/pages"}],"about":[{"href":"https:\/\/my-cat.eu\/fr\/wp-json\/wp\/v2\/types\/page"}],"author":[{"embeddable":true,"href":"https:\/\/my-cat.eu\/fr\/wp-json\/wp\/v2\/users\/1"}],"replies":[{"embeddable":true,"href":"https:\/\/my-cat.eu\/fr\/wp-json\/wp\/v2\/comments?post=3640"}],"version-history":[{"count":0,"href":"https:\/\/my-cat.eu\/fr\/wp-json\/wp\/v2\/pages\/3640\/revisions"}],"wp:attachment":[{"href":"https:\/\/my-cat.eu\/fr\/wp-json\/wp\/v2\/media?parent=3640"}],"curies":[{"name":"wp","href":"https:\/\/api.w.org\/{rel}","templated":true}]}}