{"id":3642,"date":"2020-06-03T11:58:03","date_gmt":"2020-06-03T09:58:03","guid":{"rendered":"https:\/\/my-cat.eu\/a-propos-de-moi\/"},"modified":"2020-06-03T11:58:03","modified_gmt":"2020-06-03T09:58:03","slug":"a-propos-de-moi","status":"publish","type":"page","link":"https:\/\/my-cat.eu\/fr\/a-propos-de-moi\/","title":{"rendered":"A propos de moi"},"content":{"rendered":"<span class=\"span-reading-time rt-reading-time\" style=\"display: block;\"><span class=\"rt-label rt-prefix\">Lesezeit: <\/span> <span class=\"rt-time\"> &lt;\u00a01<\/span> <span class=\"rt-label rt-postfix\">Minute<\/span><\/span>\n<p>Bonjour, mon nom est Frank Wagner, je suis un blogueur ind\u00e9pendant et \u00e9crire sur plusieurs blogs sur les sujets les plus divers qui m\u2019int\u00e9ressent et pour lequel beaucoup d\u2019autres personnes sont \u00e9galement \u00e0 la recherche d\u2019informations.<\/p>\n\n<p>Nous avons eu des chats pendant de nombreuses ann\u00e9es et ont travers\u00e9 tous les hauts et les bas avec les animaux. J\u2019\u00e9cris de cette grande richesse d\u2019exp\u00e9rience sur ce blog. Je vais toujours tester de nouveaux produits avec nos chats, puis \u00e9crire \u00e0 leur sujet.<\/p>\n","protected":false},"excerpt":{"rendered":"<p><span class=\"span-reading-time rt-reading-time\" style=\"display: block;\"><span class=\"rt-label rt-prefix\">Lesezeit: <\/span> <span class=\"rt-time\"> &lt;\u00a01<\/span> <span class=\"rt-label rt-postfix\">Minute<\/span><\/span>Bonjour, mon nom est Frank Wagner, je suis un blogueur ind\u00e9pendant et \u00e9crire sur plusieurs blogs sur les sujets les plus divers qui m\u2019int\u00e9ressent et pour lequel beaucoup d\u2019autres personnes sont \u00e9galement \u00e0 la recherche d\u2019informations. Nous avons eu des chats pendant de nombreuses ann\u00e9es et ont travers\u00e9 tous les hauts et les bas avec [&hellip;]<\/p>\n","protected":false},"author":1,"featured_media":0,"parent":0,"menu_order":0,"comment_status":"closed","ping_status":"closed","template":"","meta":{"inline_featured_image":false,"footnotes":""},"class_list":["post-3642","page","type-page","status-publish","hentry"],"featured_image_src":null,"_links":{"self":[{"href":"https:\/\/my-cat.eu\/fr\/wp-json\/wp\/v2\/pages\/3642","targetHints":{"allow":["GET"]}}],"collection":[{"href":"https:\/\/my-cat.eu\/fr\/wp-json\/wp\/v2\/pages"}],"about":[{"href":"https:\/\/my-cat.eu\/fr\/wp-json\/wp\/v2\/types\/page"}],"author":[{"embeddable":true,"href":"https:\/\/my-cat.eu\/fr\/wp-json\/wp\/v2\/users\/1"}],"replies":[{"embeddable":true,"href":"https:\/\/my-cat.eu\/fr\/wp-json\/wp\/v2\/comments?post=3642"}],"version-history":[{"count":0,"href":"https:\/\/my-cat.eu\/fr\/wp-json\/wp\/v2\/pages\/3642\/revisions"}],"wp:attachment":[{"href":"https:\/\/my-cat.eu\/fr\/wp-json\/wp\/v2\/media?parent=3642"}],"curies":[{"name":"wp","href":"https:\/\/api.w.org\/{rel}","templated":true}]}}