{"id":4211,"date":"2020-06-08T22:17:33","date_gmt":"2020-06-08T20:17:33","guid":{"rendered":"https:\/\/my-cat.eu\/liens-daffiliation\/"},"modified":"2020-06-30T19:04:32","modified_gmt":"2020-06-30T17:04:32","slug":"liens-daffiliation","status":"publish","type":"page","link":"https:\/\/my-cat.eu\/fr\/liens-daffiliation\/","title":{"rendered":"Liens d\u2019affiliation"},"content":{"rendered":"<span class=\"span-reading-time rt-reading-time\" style=\"display: block;\"><span class=\"rt-label rt-prefix\">Lesezeit: <\/span> <span class=\"rt-time\"> 3<\/span> <span class=\"rt-label rt-postfix\">Minuten<\/span><\/span>\n<p>Cher amoureux de <a href=\"https:\/\/my-cat.eu\/fr\/nutrition-fr\/les-aliments-pour-chats-a-faible-teneur-en-taurine-sont-mortels\/\">chat<\/a>. <\/p>\n\n<p>Sur cette page, je vous explique ce que les liens d\u2019affiliation sont et pourquoi je les utilise ici sur mon blog chat. Je vais aussi vous dire ce que cela signifie pour vous lorsque vous cliquez sur un tel lien. <\/p>\n\n<h2 class=\"wp-block-heading\">Qu\u2019est-ce qu\u2019un lien d\u2019affiliation de toute fa\u00e7on?<\/h2>\n\n<p>De nombreuses entreprises exploitent ce qu\u2019on appelle des affili\u00e9s ou des programmes partenaires. Pour les entreprises, ces programmes sont des canaux de distribution suppl\u00e9mentaires par lesquels ils peuvent accro\u00eetre leur port\u00e9e sur Internet. En outre, les liens d\u2019affiliation sont en grande partie int\u00e9gr\u00e9s dans les sites th\u00e9matiques, de sorte que les clients \u00e0 la recherche d\u2019une solution \u00e0 leur probl\u00e8me peuvent trouver un produit appropri\u00e9.<\/p>\n\n<p>Pour l\u2019exploitant du site, il est vrai que la soci\u00e9t\u00e9 partenaire peut utiliser le lien pour identifier le site web d\u2019o\u00f9 provient le client et peut ainsi affecter correctement la commission de vente. La commission que les entreprises paient est d\u00e9j\u00e0 incluse comme frais de distribution dans les produits respectifs. Par cons\u00e9quent, le prix ne change pas si vous achetez quelque chose via un lien d\u2019affiliation.<\/p>\n\n<p>Un lien d\u2019affiliation peut \u00eatre un lien dans le texte qui est <span class=\"tap-disclosure-notice-icon\"><\/span><i class=\"dashicons dashicons-info\"> <\/i> est marqu\u00e9. D\u2019autres possibilit\u00e9s sont des bo\u00eetes de produits ou des images de produit avec lesquelles un lien d\u2019affiliation est stock\u00e9. Des banni\u00e8res sp\u00e9ciales contiennent \u00e9galement de tels liens.<\/p>\n\n<h3 class=\"wp-block-heading\">Programmes d\u2019affiliation<\/h3>\n\n<p>Amazon exploite le plus grand et probablement bien connu programme d\u2019affiliation comme le plus grand d\u00e9taillant en ligne et le march\u00e9 en ligne. Mais beaucoup d\u2019autres entreprises g\u00e8rent \u00e9galement leurs propres programmes d\u2019affiliation. En outre, il existe \u00e9galement des r\u00e9seaux d\u2019affiliation tels que Awin, Belboon ou CJ. Dans ce cas, le r\u00e9seau fournit la plate-forme technique et s\u2019occupe \u00e9galement de la facturation des provisoires de vente. <\/p>\n\n<p>En tant qu\u2019op\u00e9rateur de blog, vous ne pouvez pas devenir riche \u00e0 partir des conditions de vente, mais ils aident \u00e0 l\u2019exploitation du site et je peux toujours acheter de nouveaux produits pour chats pour les tests. Selon le groupe de produits, je re\u00e7ois entre 4 et 7 commissions par achat que vous faites via un lien d\u2019affiliation. <\/p>\n\n<h3 class=\"wp-block-heading\">Mes programmes de partenaires actuels<\/h3>\n\n<ul class=\"wp-block-list\"><li>Amazon<\/li><li>Zooplus<\/li><li>Fressnapf<\/li><li>Mainzoo<\/li><li>Felcitia<\/li><li>Docmorris<\/li><li>Pharmacie de magasin<\/li><li><a href=\"https:\/\/my-cat.eu\/fr\/sante\/une-assurance-chats-est-utile\/\">PetProtect<\/a><\/li><li><a class=\"thirstylink\" rel=\"nofollow\" target=\"_blank\" href=\"https:\/\/my-cat.eu\/fr\/goto\/agila-versicherung\/\" data-nojs=\"1\" data-shortcode=\"true\">Agila<\/a><\/li><\/ul>\n<h2 class=\"wp-block-heading\">Comment utiliser les liens d\u2019affiliation<\/h2>\n\n<p>Fondamentalement, je recommande des produits qui utilisent ou ont test\u00e9 eux-m\u00eames ou que j\u2019ai fait des recherches sur un sujet sp\u00e9cifique. <\/p>\n\n<p>J\u2019utilise le programme amazon partenaire le plus. Parce qu\u2019il est particuli\u00e8rement commun, de nombreuses interfaces sont offertes qui le rendent plus facile \u00e0 ins\u00e9rer et \u00e0 g\u00e9rer les liens. Pour d\u2019autres produits, tels que les m\u00e9dicaments, j\u2019utilise \u00e9galement d\u2019autres programmes partenaires o\u00f9 les m\u00e9dicaments sont les moins chers pour obtenir.<\/p>\n","protected":false},"excerpt":{"rendered":"<p><span class=\"span-reading-time rt-reading-time\" style=\"display: block;\"><span class=\"rt-label rt-prefix\">Lesezeit: <\/span> <span class=\"rt-time\"> 3<\/span> <span class=\"rt-label rt-postfix\">Minuten<\/span><\/span>Cher amoureux de chat. Sur cette page, je vous explique ce que les liens d\u2019affiliation sont et pourquoi je les utilise ici sur mon blog chat. Je vais aussi vous dire ce que cela signifie pour vous lorsque vous cliquez sur un tel lien. Qu\u2019est-ce qu\u2019un lien d\u2019affiliation de toute fa\u00e7on? De nombreuses entreprises exploitent [&hellip;]<\/p>\n","protected":false},"author":1,"featured_media":5470,"parent":0,"menu_order":0,"comment_status":"closed","ping_status":"closed","template":"","meta":{"inline_featured_image":false,"footnotes":""},"class_list":["post-4211","page","type-page","status-publish","has-post-thumbnail","hentry"],"featured_image_src":"https:\/\/my-cat.eu\/wp-content\/uploads\/2020\/06\/connect-316638_1280.jpg","_links":{"self":[{"href":"https:\/\/my-cat.eu\/fr\/wp-json\/wp\/v2\/pages\/4211","targetHints":{"allow":["GET"]}}],"collection":[{"href":"https:\/\/my-cat.eu\/fr\/wp-json\/wp\/v2\/pages"}],"about":[{"href":"https:\/\/my-cat.eu\/fr\/wp-json\/wp\/v2\/types\/page"}],"author":[{"embeddable":true,"href":"https:\/\/my-cat.eu\/fr\/wp-json\/wp\/v2\/users\/1"}],"replies":[{"embeddable":true,"href":"https:\/\/my-cat.eu\/fr\/wp-json\/wp\/v2\/comments?post=4211"}],"version-history":[{"count":0,"href":"https:\/\/my-cat.eu\/fr\/wp-json\/wp\/v2\/pages\/4211\/revisions"}],"wp:featuredmedia":[{"embeddable":true,"href":"https:\/\/my-cat.eu\/fr\/wp-json\/wp\/v2\/media\/5470"}],"wp:attachment":[{"href":"https:\/\/my-cat.eu\/fr\/wp-json\/wp\/v2\/media?parent=4211"}],"curies":[{"name":"wp","href":"https:\/\/api.w.org\/{rel}","templated":true}]}}